{"id":400,"date":"2024-01-29T07:42:08","date_gmt":"2024-01-29T07:42:08","guid":{"rendered":"http:\/\/rabatt-satt.de\/WP\/home-2\/"},"modified":"2025-06-25T11:30:57","modified_gmt":"2025-06-25T11:30:57","slug":"rabatte-vergleiche-produktempfehlungen","status":"publish","type":"page","link":"http:\/\/rabatt-satt.de\/WP\/","title":{"rendered":"Home"},"content":{"rendered":"\t\t<div data-elementor-type=\"wp-page\" data-elementor-id=\"400\" class=\"elementor elementor-400\">\n\t\t\t\t<div class=\"elementor-element elementor-element-d5cfde3 e-flex e-con-boxed e-con e-parent\" data-id=\"d5cfde3\" data-element_type=\"container\" data-e-type=\"container\" data-settings=\"{&quot;background_background&quot;:&quot;classic&quot;}\">\n\t\t\t\t\t<div class=\"e-con-inner\">\n\t\t\t\t<div class=\"elementor-element elementor-element-3ecd55be elementor-invisible elementor-widget elementor-widget-heading\" data-id=\"3ecd55be\" data-element_type=\"widget\" data-e-type=\"widget\" data-settings=\"{&quot;_animation&quot;:&quot;fadeIn&quot;}\" data-widget_type=\"heading.default\">\n\t\t\t\t<div class=\"elementor-widget-container\">\n\t\t\t\t\t<h1 class=\"elementor-heading-title elementor-size-default\">Rabatt Satt<\/h1>\t\t\t\t<\/div>\n\t\t\t\t<\/div>\n\t\t\t\t<div class=\"elementor-element elementor-element-32b3f1bc elementor-invisible elementor-widget elementor-widget-heading\" data-id=\"32b3f1bc\" data-element_type=\"widget\" data-e-type=\"widget\" data-settings=\"{&quot;_animation&quot;:&quot;fadeIn&quot;}\" data-widget_type=\"heading.default\">\n\t\t\t\t<div class=\"elementor-widget-container\">\n\t\t\t\t\t<h5 class=\"elementor-heading-title elementor-size-default\">Spare Geld durch Vergleichsrechner und Sonderangebote<\/h5>\t\t\t\t<\/div>\n\t\t\t\t<\/div>\n\t\t\t\t\t<\/div>\n\t\t\t\t<\/div>\n\t\t<div class=\"elementor-element elementor-element-4c3cac6b e-flex e-con-boxed e-con e-parent\" data-id=\"4c3cac6b\" data-element_type=\"container\" data-e-type=\"container\">\n\t\t\t\t\t<div class=\"e-con-inner\">\n\t\t<div class=\"elementor-element elementor-element-38737bf9 e-flex e-con-boxed e-con e-child\" data-id=\"38737bf9\" data-element_type=\"container\" data-e-type=\"container\">\n\t\t\t\t\t<div class=\"e-con-inner\">\n\t\t\t\t<div class=\"elementor-element elementor-element-4fa4a666 elementor-widget elementor-widget-heading\" data-id=\"4fa4a666\" data-element_type=\"widget\" data-e-type=\"widget\" data-widget_type=\"heading.default\">\n\t\t\t\t<div class=\"elementor-widget-container\">\n\t\t\t\t\t<h2 class=\"elementor-heading-title elementor-size-default\">\u00dcber uns<\/h2>\t\t\t\t<\/div>\n\t\t\t\t<\/div>\n\t\t\t\t<div class=\"elementor-element elementor-element-3e691c69 elementor-widget elementor-widget-text-editor\" data-id=\"3e691c69\" data-element_type=\"widget\" data-e-type=\"widget\" data-widget_type=\"text-editor.default\">\n\t\t\t\t<div class=\"elementor-widget-container\">\n\t\t\t\t\t\t\t\t\t<p style=\"text-align: center;\"><span style=\"color: #5e6271; font-family: Rubik, sans-serif;\">Willkommen bei <strong>Rabatt Satt<\/strong>, deinem Blog f\u00fcr kluge <strong>Preisvergleiche<\/strong> und effizientes <strong>Sparen<\/strong>! Erfahre, wie du in den Bereichen <strong>Stromtarife<\/strong>, <strong>Reisen<\/strong>, <strong>Kredite<\/strong> und <strong>Versicherungen<\/strong>\u00a0bares Geld sparen kannst.\u00a0<\/span><\/p><p style=\"text-align: center;\"><span style=\"color: #5e6271; font-family: Rubik, sans-serif; font-size: var( --e-global-typography-text-font-size ); font-style: var( --e-global-typography-text-font-style ); font-weight: var( --e-global-typography-text-font-weight ); letter-spacing: var( --e-global-typography-text-letter-spacing ); text-transform: var( --e-global-typography-text-text-transform ); background-color: var( --e-global-color-c696dce );\">Wir alle wissen, wie frustrierend es ist, \u00fcberh\u00f6hte Preise zu zahlen. Doch mit den richtigen Informationen und einem effektiven Preisvergleich kannst du deine Ausgaben deutlich reduzieren. Auf unserem Blog zeigen wir dir, wie du mithilfe von Vergleichsportalen und hilfreichen Tipps den besten Deal f\u00fcr dich findest.\u00a0<\/span><\/p><p style=\"text-align: center;\"><span style=\"color: #5e6271; font-family: Rubik, sans-serif;\">\u00a0<\/span><span style=\"color: #5e6271; font-family: Rubik, sans-serif; font-size: var( --e-global-typography-text-font-size ); font-style: var( --e-global-typography-text-font-style ); font-weight: var( --e-global-typography-text-font-weight ); letter-spacing: var( --e-global-typography-text-letter-spacing ); text-transform: var( --e-global-typography-text-text-transform ); background-color: var( --e-global-color-c696dce );\">Egal, ob du nach einem g\u00fcnstigen Stromtarif suchst, um deine monatlichen Ausgaben zu senken, das beste Angebot f\u00fcr deine n\u00e4chste Reise ben\u00f6tigst, einen Kredit mit niedrigen Zinsen suchst oder deine Versicherungen optimieren m\u00f6chtest &#8211; bei uns wirst du f\u00fcndig.\u00a0<\/span><\/p><p style=\"text-align: center;\"><span style=\"color: #5e6271; font-family: Rubik, sans-serif;\">\u00a0<\/span><span style=\"color: #5e6271; font-family: Rubik, sans-serif; font-size: var( --e-global-typography-text-font-size ); font-style: var( --e-global-typography-text-font-style ); font-weight: var( --e-global-typography-text-font-weight ); letter-spacing: var( --e-global-typography-text-letter-spacing ); text-transform: var( --e-global-typography-text-text-transform ); background-color: var( --e-global-color-c696dce );\">Wir teilen unsere Erfahrungen, geben praktische Ratschl\u00e4ge und helfen dir, fundierte Entscheidungen zu treffen, um dein hart verdientes Geld zu sch\u00fctzen. Spare nicht nur Geld, sondern auch Zeit und Aufwand, indem du unseren Blog besuchst.\u00a0<\/span><\/p><p style=\"text-align: center;\"><span style=\"color: #5e6271; font-family: Rubik, sans-serif; font-size: var( --e-global-typography-text-font-size ); font-style: var( --e-global-typography-text-font-style ); font-weight: var( --e-global-typography-text-font-weight ); letter-spacing: var( --e-global-typography-text-letter-spacing ); text-transform: var( --e-global-typography-text-text-transform ); background-color: var( --e-global-color-c696dce );\">Wir haben alle relevanten Informationen f\u00fcr dich gesammelt und pr\u00e4sentieren sie dir \u00fcbersichtlich und verst\u00e4ndlich. Du wirst \u00fcberrascht sein, wie viel du sparen kannst, wenn du dich aktiv mit den verschiedenen Angeboten auseinandersetzt und die besten Preise vergleichst.\u00a0<\/span><\/p><p style=\"text-align: center;\"><span style=\"color: #5e6271; font-family: Rubik, sans-serif; font-size: var( --e-global-typography-text-font-size ); font-style: var( --e-global-typography-text-font-style ); font-weight: var( --e-global-typography-text-font-weight ); letter-spacing: var( --e-global-typography-text-letter-spacing ); text-transform: var( --e-global-typography-text-text-transform ); background-color: var( --e-global-color-c696dce );\">Tauche ein in unsere Artikel, lese n\u00fctzliche Ratschl\u00e4ge und profitiere von unseren Einsichten. Werde Teil der Sparsamkeitsbewegung und entdecke, wie du durch Preisvergleiche in den Bereichen Stromtarife, Reisen, Kredite und Versicherungen mehr aus deinem Budget herausholen kannst.\u00a0<\/span><\/p><p style=\"text-align: center;\"><span style=\"background-color: var( --e-global-color-c696dce ); color: #5e6271; font-family: Rubik, sans-serif; font-size: var( --e-global-typography-text-font-size ); font-style: var( --e-global-typography-text-font-style ); font-weight: var( --e-global-typography-text-font-weight ); letter-spacing: var( --e-global-typography-text-letter-spacing ); text-transform: var( --e-global-typography-text-text-transform );\">Bereit f\u00fcr den ersten Schritt? Lass uns gemeinsam die Welt der Preisvergleiche erkunden und entdecken, wie du clever sparen kannst! Herzlich willkommen auf Rabatt-Satt &#8211; viel Spa\u00df beim Lesen!<\/span><\/p><div style=\"text-align: center;\">\u00a0<\/div>\t\t\t\t\t\t\t\t<\/div>\n\t\t\t\t<\/div>\n\t\t<div class=\"elementor-element elementor-element-76c304d e-con-full e-flex e-con e-child\" data-id=\"76c304d\" data-element_type=\"container\" data-e-type=\"container\">\n\t\t\t\t<div class=\"elementor-element elementor-element-11206f6 elementor-widget elementor-widget-image\" data-id=\"11206f6\" data-element_type=\"widget\" data-e-type=\"widget\" data-widget_type=\"image.default\">\n\t\t\t\t<div class=\"elementor-widget-container\">\n\t\t\t\t\t\t\t\t\t\t\t\t<figure class=\"wp-caption\">\n\t\t\t\t\t\t\t\t\t\t<img fetchpriority=\"high\" decoding=\"async\" width=\"768\" height=\"1365\" src=\"http:\/\/rabatt-satt.de\/WP\/wp-content\/uploads\/2025\/06\/shared_qr_code-768x1365.jpg\" class=\"attachment-medium_large size-medium_large wp-image-766\" alt=\"\" srcset=\"http:\/\/rabatt-satt.de\/WP\/wp-content\/uploads\/2025\/06\/shared_qr_code-768x1365.jpg 768w, http:\/\/rabatt-satt.de\/WP\/wp-content\/uploads\/2025\/06\/shared_qr_code-169x300.jpg 169w, http:\/\/rabatt-satt.de\/WP\/wp-content\/uploads\/2025\/06\/shared_qr_code-576x1024.jpg 576w, http:\/\/rabatt-satt.de\/WP\/wp-content\/uploads\/2025\/06\/shared_qr_code-864x1536.jpg 864w, http:\/\/rabatt-satt.de\/WP\/wp-content\/uploads\/2025\/06\/shared_qr_code.jpg 945w\" sizes=\"(max-width: 768px) 100vw, 768px\" \/>\t\t\t\t\t\t\t\t\t\t\t<figcaption class=\"widget-image-caption wp-caption-text\">Abonniere den Kanal Rabatt-Satt - Spare Bares Geld Mit Unseren Empfehlungen auf WhatsApp: https:\/\/whatsapp.com\/channel\/0029Vb6Up80EquiUJQ0iLO3N Hinweis: Beim Scan des QR-Codes bzw. Klick auf den Link verlassen Sie unsere Website und werden zu WhatsApp weitergeleitet. Es gelten die Datenschutzbestimmungen von WhatsApp \/ Meta.<\/figcaption>\n\t\t\t\t\t\t\t\t\t\t<\/figure>\n\t\t\t\t\t\t\t\t\t<\/div>\n\t\t\t\t<\/div>\n\t\t\t\t<\/div>\n\t\t\t\t<div class=\"elementor-element elementor-element-6dcf144 elementor-shape-rounded elementor-grid-0 e-grid-align-center elementor-widget elementor-widget-social-icons\" data-id=\"6dcf144\" data-element_type=\"widget\" data-e-type=\"widget\" data-widget_type=\"social-icons.default\">\n\t\t\t\t<div class=\"elementor-widget-container\">\n\t\t\t\t\t\t\t<div class=\"elementor-social-icons-wrapper elementor-grid\" role=\"list\">\n\t\t\t\t\t\t\t<span class=\"elementor-grid-item\" role=\"listitem\">\n\t\t\t\t\t<a class=\"elementor-icon elementor-social-icon elementor-social-icon-facebook elementor-repeater-item-3761d9a\" href=\"https:\/\/facebook.com\/RabattSatt\" target=\"_blank\">\n\t\t\t\t\t\t<span class=\"elementor-screen-only\">Facebook<\/span>\n\t\t\t\t\t\t<svg aria-hidden=\"true\" class=\"e-font-icon-svg e-fab-facebook\" viewBox=\"0 0 512 512\" xmlns=\"http:\/\/www.w3.org\/2000\/svg\"><path d=\"M504 256C504 119 393 8 256 8S8 119 8 256c0 123.78 90.69 226.38 209.25 245V327.69h-63V256h63v-54.64c0-62.15 37-96.48 93.67-96.48 27.14 0 55.52 4.84 55.52 4.84v61h-31.28c-30.8 0-40.41 19.12-40.41 38.73V256h68.78l-11 71.69h-57.78V501C413.31 482.38 504 379.78 504 256z\"><\/path><\/svg>\t\t\t\t\t<\/a>\n\t\t\t\t<\/span>\n\t\t\t\t\t\t\t<span class=\"elementor-grid-item\" role=\"listitem\">\n\t\t\t\t\t<a class=\"elementor-icon elementor-social-icon elementor-social-icon-twitter elementor-repeater-item-68fbc86\" href=\"https:\/\/twitter.com\/RabattSatt\" target=\"_blank\">\n\t\t\t\t\t\t<span class=\"elementor-screen-only\">Twitter<\/span>\n\t\t\t\t\t\t<svg aria-hidden=\"true\" class=\"e-font-icon-svg e-fab-twitter\" viewBox=\"0 0 512 512\" xmlns=\"http:\/\/www.w3.org\/2000\/svg\"><path d=\"M459.37 151.716c.325 4.548.325 9.097.325 13.645 0 138.72-105.583 298.558-298.558 298.558-59.452 0-114.68-17.219-161.137-47.106 8.447.974 16.568 1.299 25.34 1.299 49.055 0 94.213-16.568 130.274-44.832-46.132-.975-84.792-31.188-98.112-72.772 6.498.974 12.995 1.624 19.818 1.624 9.421 0 18.843-1.3 27.614-3.573-48.081-9.747-84.143-51.98-84.143-102.985v-1.299c13.969 7.797 30.214 12.67 47.431 13.319-28.264-18.843-46.781-51.005-46.781-87.391 0-19.492 5.197-37.36 14.294-52.954 51.655 63.675 129.3 105.258 216.365 109.807-1.624-7.797-2.599-15.918-2.599-24.04 0-57.828 46.782-104.934 104.934-104.934 30.213 0 57.502 12.67 76.67 33.137 23.715-4.548 46.456-13.32 66.599-25.34-7.798 24.366-24.366 44.833-46.132 57.827 21.117-2.273 41.584-8.122 60.426-16.243-14.292 20.791-32.161 39.308-52.628 54.253z\"><\/path><\/svg>\t\t\t\t\t<\/a>\n\t\t\t\t<\/span>\n\t\t\t\t\t\t\t<span class=\"elementor-grid-item\" role=\"listitem\">\n\t\t\t\t\t<a class=\"elementor-icon elementor-social-icon elementor-social-icon-instagram elementor-repeater-item-063475d\" href=\"https:\/\/instagram.com\/RabattSatt_\" target=\"_blank\">\n\t\t\t\t\t\t<span class=\"elementor-screen-only\">Instagram<\/span>\n\t\t\t\t\t\t<svg aria-hidden=\"true\" class=\"e-font-icon-svg e-fab-instagram\" viewBox=\"0 0 448 512\" xmlns=\"http:\/\/www.w3.org\/2000\/svg\"><path d=\"M224.1 141c-63.6 0-114.9 51.3-114.9 114.9s51.3 114.9 114.9 114.9S339 319.5 339 255.9 287.7 141 224.1 141zm0 189.6c-41.1 0-74.7-33.5-74.7-74.7s33.5-74.7 74.7-74.7 74.7 33.5 74.7 74.7-33.6 74.7-74.7 74.7zm146.4-194.3c0 14.9-12 26.8-26.8 26.8-14.9 0-26.8-12-26.8-26.8s12-26.8 26.8-26.8 26.8 12 26.8 26.8zm76.1 27.2c-1.7-35.9-9.9-67.7-36.2-93.9-26.2-26.2-58-34.4-93.9-36.2-37-2.1-147.9-2.1-184.9 0-35.8 1.7-67.6 9.9-93.9 36.1s-34.4 58-36.2 93.9c-2.1 37-2.1 147.9 0 184.9 1.7 35.9 9.9 67.7 36.2 93.9s58 34.4 93.9 36.2c37 2.1 147.9 2.1 184.9 0 35.9-1.7 67.7-9.9 93.9-36.2 26.2-26.2 34.4-58 36.2-93.9 2.1-37 2.1-147.8 0-184.8zM398.8 388c-7.8 19.6-22.9 34.7-42.6 42.6-29.5 11.7-99.5 9-132.1 9s-102.7 2.6-132.1-9c-19.6-7.8-34.7-22.9-42.6-42.6-11.7-29.5-9-99.5-9-132.1s-2.6-102.7 9-132.1c7.8-19.6 22.9-34.7 42.6-42.6 29.5-11.7 99.5-9 132.1-9s102.7-2.6 132.1 9c19.6 7.8 34.7 22.9 42.6 42.6 11.7 29.5 9 99.5 9 132.1s2.7 102.7-9 132.1z\"><\/path><\/svg>\t\t\t\t\t<\/a>\n\t\t\t\t<\/span>\n\t\t\t\t\t<\/div>\n\t\t\t\t\t\t<\/div>\n\t\t\t\t<\/div>\n\t\t\t\t\t<\/div>\n\t\t\t\t<\/div>\n\t\t\t\t\t<\/div>\n\t\t\t\t<\/div>\n\t\t<div class=\"elementor-element elementor-element-44766a3 e-flex e-con-boxed e-con e-parent\" data-id=\"44766a3\" data-element_type=\"container\" data-e-type=\"container\">\n\t\t\t\t\t<div class=\"e-con-inner\">\n\t\t\t\t<div class=\"elementor-element elementor-element-98603d8 elementor-align-center elementor-widget elementor-widget-button\" data-id=\"98603d8\" data-element_type=\"widget\" data-e-type=\"widget\" data-widget_type=\"button.default\">\n\t\t\t\t<div class=\"elementor-widget-container\">\n\t\t\t\t\t\t\t\t\t<div class=\"elementor-button-wrapper\">\n\t\t\t\t\t<a class=\"elementor-button elementor-button-link elementor-size-sm\" href=\"http:\/\/rabatt-satt.de\/WP\/impressum\/\">\n\t\t\t\t\t\t<span class=\"elementor-button-content-wrapper\">\n\t\t\t\t\t\t\t\t\t<span class=\"elementor-button-text\">Impressum<\/span>\n\t\t\t\t\t<\/span>\n\t\t\t\t\t<\/a>\n\t\t\t\t<\/div>\n\t\t\t\t\t\t\t\t<\/div>\n\t\t\t\t<\/div>\n\t\t\t\t\t<\/div>\n\t\t\t\t<\/div>\n\t\t\t\t<\/div>\n\t\t","protected":false},"excerpt":{"rendered":"<p>Rabatt Satt Spare Geld durch Vergleichsrechner und Sonderangebote \u00dcber uns Willkommen bei Rabatt Satt, deinem Blog f\u00fcr kluge Preisvergleiche und effizientes Sparen! Erfahre, wie du in den Bereichen Stromtarife, Reisen, Kredite und Versicherungen\u00a0bares Geld sparen kannst.\u00a0 Wir alle wissen, wie frustrierend es ist, \u00fcberh\u00f6hte Preise zu zahlen. Doch mit den richtigen Informationen und einem effektiven [&hellip;]<\/p>\n","protected":false},"author":1,"featured_media":0,"parent":0,"menu_order":0,"comment_status":"closed","ping_status":"closed","template":"","meta":{"footnotes":""},"class_list":["post-400","page","type-page","status-publish","hentry"],"aioseo_notices":[],"jetpack_sharing_enabled":true,"_links":{"self":[{"href":"http:\/\/rabatt-satt.de\/WP\/wp-json\/wp\/v2\/pages\/400","targetHints":{"allow":["GET"]}}],"collection":[{"href":"http:\/\/rabatt-satt.de\/WP\/wp-json\/wp\/v2\/pages"}],"about":[{"href":"http:\/\/rabatt-satt.de\/WP\/wp-json\/wp\/v2\/types\/page"}],"author":[{"embeddable":true,"href":"http:\/\/rabatt-satt.de\/WP\/wp-json\/wp\/v2\/users\/1"}],"replies":[{"embeddable":true,"href":"http:\/\/rabatt-satt.de\/WP\/wp-json\/wp\/v2\/comments?post=400"}],"version-history":[{"count":94,"href":"http:\/\/rabatt-satt.de\/WP\/wp-json\/wp\/v2\/pages\/400\/revisions"}],"predecessor-version":[{"id":772,"href":"http:\/\/rabatt-satt.de\/WP\/wp-json\/wp\/v2\/pages\/400\/revisions\/772"}],"wp:attachment":[{"href":"http:\/\/rabatt-satt.de\/WP\/wp-json\/wp\/v2\/media?parent=400"}],"curies":[{"name":"wp","href":"https:\/\/api.w.org\/{rel}","templated":true}]}}