{"id":86,"date":"2023-06-12T14:33:37","date_gmt":"2023-06-12T14:33:37","guid":{"rendered":"http:\/\/check-das.eu\/?page_id=86"},"modified":"2025-06-25T11:22:27","modified_gmt":"2025-06-25T11:22:27","slug":"impressum","status":"publish","type":"page","link":"http:\/\/rabatt-satt.de\/WP\/rabatte-vergleiche-produktempfehlungen\/impressum\/","title":{"rendered":"Impressum"},"content":{"rendered":"\t\t<div data-elementor-type=\"wp-page\" data-elementor-id=\"86\" class=\"elementor elementor-86\">\n\t\t\t\t<div class=\"elementor-element elementor-element-731d1146 e-flex e-con-boxed e-con e-parent\" data-id=\"731d1146\" data-element_type=\"container\" data-e-type=\"container\">\n\t\t\t\t\t<div class=\"e-con-inner\">\n\t\t\t\t<div class=\"elementor-element elementor-element-550e30eb elementor-widget elementor-widget-text-editor\" data-id=\"550e30eb\" data-element_type=\"widget\" data-e-type=\"widget\" data-widget_type=\"text-editor.default\">\n\t\t\t\t<div class=\"elementor-widget-container\">\n\t\t\t\t\t\t\t\t\t<div>\n<p><strong>Haftungsausschluss:<\/strong><\/p>\n<p><strong>Haftung f\u00fcr Inhalte<\/strong><\/p>\n<p>Die Inhalte unserer Seiten wurden mit gr\u00f6\u00dfter Sorgfalt erstellt. F\u00fcr die Richtigkeit, Vollst\u00e4ndigkeit und Aktualit\u00e4t der Inhalte k\u00f6nnen wir jedoch keine Gew\u00e4hr \u00fcbernehmen. Als Diensteanbieter sind wir gem\u00e4\u00df \u00a7 7 Abs.1 TMG f\u00fcr eigene Inhalte auf diesen Seiten nach den allgemeinen Gesetzen verantwortlich. Nach \u00a7\u00a7 8 bis 10 TMG sind wir als Diensteanbieter jedoch nicht verpflichtet, \u00fcbermittelte oder gespeicherte fremde Informationen zu \u00fcberwachen oder nach Umst\u00e4nden zu forschen, die auf eine rechtswidrige T\u00e4tigkeit hinweisen. Verpflichtungen zur Entfernung oder Sperrung der Nutzung von Informationen nach den allgemeinen Gesetzen bleiben hiervon unber\u00fchrt. Eine diesbez\u00fcgliche Haftung ist jedoch erst ab dem Zeitpunkt der Kenntnis einer konkreten Rechtsverletzung m\u00f6glich. Bei Bekanntwerden von entsprechenden Rechtsverletzungen werden wir diese Inhalte umgehend entfernen.<\/p>\n<p><strong>Haftung f\u00fcr Links<\/strong><\/p>\n<p>Unser Angebot enth\u00e4lt Links zu externen Webseiten Dritter, auf deren Inhalte wir keinen Einfluss haben. Deshalb k\u00f6nnen wir f\u00fcr diese fremden Inhalte auch keine Gew\u00e4hr \u00fcbernehmen. F\u00fcr die Inhalte der verlinkten Seiten ist stets der jeweilige Anbieter oder Betreiber der Seiten verantwortlich. Die verlinkten Seiten wurden zum Zeitpunkt der Verlinkung auf m\u00f6gliche Rechtsverst\u00f6\u00dfe \u00fcberpr\u00fcft. Rechtswidrige Inhalte waren zum Zeitpunkt der Verlinkung nicht erkennbar. Eine permanente inhaltliche Kontrolle der verlinkten Seiten ist jedoch ohne konkrete Anhaltspunkte einer Rechtsverletzung nicht zumutbar. Bei Bekanntwerden von Rechtsverletzungen werden wir derartige Links umgehend entfernen.<\/p>\n<p><strong>Urheberrecht<\/strong><\/p>\n<p>Die durch die Seitenbetreiber erstellten Inhalte und Werke auf diesen Seiten unterliegen dem deutschen Urheberrecht. Die Vervielf\u00e4ltigung, Bearbeitung, Verbreitung und jede Art der Verwertung au\u00dferhalb der Grenzen des Urheberrechtes bed\u00fcrfen der schriftlichen Zustimmung des jeweiligen Autors bzw. Erstellers. Downloads und Kopien dieser Seite sind nur f\u00fcr den privaten, nicht kommerziellen Gebrauch gestattet. Soweit die Inhalte auf dieser Seite nicht vom Betreiber erstellt wurden, werden die Urheberrechte Dritter beachtet. Insbesondere werden Inhalte Dritter als solche gekennzeichnet. Sollten Sie trotzdem auf eine Urheberrechtsverletzung aufmerksam werden, bitten wir um einen entsprechenden Hinweis. Bei Bekanntwerden von Rechtsverletzungen werden wir derartige Inhalte umgehend entfernen.<\/p>\n<p><\/p>\n<h1><span style=\"font-size: 16px;\">Affiliate-Hinweis (Amazon)<\/span><\/h1>\n<h1><span style=\"font-size: 16px; color: inherit; font-family: inherit;\">Als Amazon-Partner verdiene ich an qualifizierten Verk\u00e4ufen.<\/span><\/h1>\n<p data-start=\"1195\" data-end=\"1468\">Die mit \u201eAffiliate-Link\u201c gekennzeichneten Links sind sogenannte Partnerlinks. Erfolgt \u00fcber diese Links eine Bestellung, erhalte ich eine kleine Provision. F\u00fcr dich entstehen dabei <span data-start=\"1438\" data-end=\"1467\">keine zus\u00e4tzlichen Kosten<\/span>.<\/p>\n<p><\/p>\n<p><strong>Datenschutz<\/strong><\/p>\n<p>Die Nutzung unserer Webseite ist in der Regel ohne Angabe personenbezogener Daten m\u00f6glich. Soweit auf unseren Seiten personenbezogene Daten (beispielsweise Name, Anschrift oder eMail-Adressen) erhoben werden, erfolgt dies, soweit m\u00f6glich, stets auf freiwilliger Basis. Diese Daten werden ohne Ihre ausdr\u00fcckliche Zustimmung nicht an Dritte weitergegeben. <br>Wir weisen darauf hin, dass die Daten\u00fcbertragung im Internet (z.B. bei der Kommunikation per E-Mail) Sicherheitsl\u00fccken aufweisen kann. Ein l\u00fcckenloser Schutz der Daten vor dem Zugriff durch Dritte ist nicht m\u00f6glich. <br>Der Nutzung von im Rahmen der Impressumspflicht ver\u00f6ffentlichten Kontaktdaten durch Dritte zur \u00dcbersendung von nicht ausdr\u00fccklich angeforderter Werbung und Informationsmaterialien wird hiermit ausdr\u00fccklich widersprochen. Die Betreiber der Seiten behalten sich ausdr\u00fccklich rechtliche Schritte im Falle der unverlangten Zusendung von Werbeinformationen, etwa durch Spam-Mails, vor.<\/p>\n<p><strong>Google Analytics<\/strong><\/p>\n<p>Diese Website benutzt Google Analytics, einen Webanalysedienst der Google Inc. (&#8220;Google&#8220;). Google Analytics verwendet sog. &#8220;Cookies&#8220;, Textdateien, die auf Ihrem Computer gespeichert werden und die eine Analyse der Benutzung der Website durch Sie erm\u00f6glicht. Die durch den Cookie erzeugten Informationen \u00fcber Ihre Benutzung dieser Website (einschlie\u00dflich Ihrer IP-Adresse) wird an einen Server von Google in den USA \u00fcbertragen und dort gespeichert. Google wird diese Informationen benutzen, um Ihre Nutzung der Website auszuwerten, um Reports \u00fcber die Websiteaktivit\u00e4ten f\u00fcr die Websitebetreiber zusammenzustellen und um weitere mit der Websitenutzung und der Internetnutzung verbundene Dienstleistungen zu erbringen. Auch wird Google diese Informationen gegebenenfalls an Dritte \u00fcbertragen, sofern dies gesetzlich vorgeschrieben oder soweit Dritte diese Daten im Auftrag von Google verarbeiten. Google wird in keinem Fall Ihre IP-Adresse mit anderen Daten der Google in Verbindung bringen. Sie k\u00f6nnen die Installation der Cookies durch eine entsprechende Einstellung Ihrer Browser Software verhindern; wir weisen Sie jedoch darauf hin, dass Sie in diesem Fall gegebenenfalls nicht s\u00e4mtliche Funktionen dieser Website voll umf\u00e4nglich nutzen k\u00f6nnen. Durch die Nutzung dieser Website erkl\u00e4ren Sie sich mit der Bearbeitung der \u00fcber Sie erhobenen Daten durch Google in der zuvor beschriebenen Art und Weise und zu dem zuvor benannten Zweck einverstanden.<\/p>\n<p><strong>Google AdSense<\/strong><\/p>\n<p>Diese Website benutzt Google Adsense, einen Webanzeigendienst der Google Inc., USA (&#8220;Google&#8220;). Google Adsense verwendet sog. &#8220;Cookies&#8220; (Textdateien), die auf Ihrem Computer gespeichert werden und die eine Analyse der Benutzung der Website durch Sie erm\u00f6glicht. Google Adsense verwendet auch sog. &#8220;Web Beacons&#8220; (kleine unsichtbare Grafiken) zur Sammlung von Informationen. Durch die Verwendung des Web Beacons k\u00f6nnen einfache Aktionen wie der Besucherverkehr auf der Webseite aufgezeichnet und gesammelt werden. Die durch den Cookie und\/oder Web Beacon erzeugten Informationen \u00fcber Ihre Benutzung dieser Website (einschlie\u00dflich Ihrer IP-Adresse) werden an einen Server von Google in den USA \u00fcbertragen und dort gespeichert. Google wird diese Informationen benutzen, um Ihre Nutzung der Website im Hinblick auf die Anzeigen auszuwerten, um Reports \u00fcber die Websiteaktivit\u00e4ten und Anzeigen f\u00fcr die Websitebetreiber zusammenzustellen und um weitere mit der Websitenutzung und der Internetnutzung verbundene Dienstleistungen zu erbringen. Auch wird Google diese Informationen gegebenenfalls an Dritte \u00fcbertragen, sofern dies gesetzlich vorgeschrieben oder soweit Dritte diese Daten im Auftrag von Google verarbeiten. Google wird in keinem Fall Ihre IP-Adresse mit anderen Daten der Google in Verbindung bringen. Das Speichern von Cookies auf Ihrer Festplatte und die Anzeige von Web Beacons k\u00f6nnen Sie verhindern, indem Sie in Ihren Browser-Einstellungen &#8220;keine Cookies akzeptieren&#8220; w\u00e4hlen (Im MS Internet-Explorer unter &#8220;Extras &gt; Internetoptionen &gt; Datenschutz &gt; Einstellung&#8220;; im Firefox unter &#8220;Extras &gt; Einstellungen &gt; Datenschutz &gt; Cookies&#8220;); wir weisen Sie jedoch darauf hin, dass Sie in diesem Fall gegebenenfalls nicht s\u00e4mtliche Funktionen dieser Website voll umf\u00e4nglich nutzen k\u00f6nnen. Durch die Nutzung dieser Website erkl\u00e4ren Sie sich mit der Bearbeitung der \u00fcber Sie erhobenen Daten durch Google in der zuvor beschriebenen Art und Weise und zu dem zuvor benannten Zweck einverstanden.<\/p>\n<p>Impressum vom <a href=\"https:\/\/www.impressum-generator.de\">Impressum Generator<\/a> der <a href=\"https:\/\/www.kanzlei-hasselbach.de\/standorte\/frankfurt\/\" rel=\"nofollow\">Kanzlei Hasselbach, Frankfurt<\/a><\/p>\n<\/div>\n<p><!-- \/wp:html --><!-- wp:paragraph --><\/p>\n<p><!-- \/wp:paragraph --><!-- wp:paragraph --><\/p>\n<p><strong>CHECK24.net Partnerprogramm<\/strong><\/p>\n<p><!-- \/wp:paragraph --><!-- wp:paragraph --><\/p>\n<p>Wir nehmen am CHECK24.net Partnerprogramm teil. Auf unseren Seiten werden iFrame-Buchungsmasken und andere Werbemittel eingebunden, an denen wir \u00fcber Transaktionen, zum Beispiel durch Leads und Sales, eine Werbekostenerstattung erhalten k\u00f6nnen.<\/p>\n<p><!-- \/wp:paragraph --><!-- wp:paragraph --><\/p>\n<p>Weitere Informationen zur Datennutzung durch CHECK24.net erhalten Sie in der Datenschutzerkl\u00e4rung von <a href=\"https:\/\/www.check24.net\" target=\"_blank\" rel=\"noreferrer noopener\">CHECK24.net<\/a>.<\/p>\n<p><!-- \/wp:paragraph --><!-- wp:paragraph --><\/p>\n<p><strong>D\u00e4nemark.de Partnerprogramm<\/strong><\/p>\n<p><!-- \/wp:paragraph --><!-- wp:paragraph --><\/p>\n<p>Wir nehmen am D\u00e4nemark.de Partnerprogramm teil. Auf unseren Seiten werden iFrame-Buchungsmasken und andere Werbemittel eingebunden, an denen wir \u00fcber Transaktionen, zum Beispiel durch Leads und Sales, eine Werbekostenerstattung erhalten k\u00f6nnen.<\/p>\n<p><!-- \/wp:paragraph --><!-- wp:paragraph --><\/p>\n<p>Weitere Informationen zur Datennutzung durch D\u00e4nemark.de erhalten Sie in der Datenschutzerkl\u00e4rung von <a href=\"https:\/\/www.daenemark.de\" target=\"_blank\" rel=\"noreferrer noopener\">D\u00e4nemark.de<\/a>.<\/p>\n<p><!-- \/wp:paragraph --><!-- wp:paragraph --><\/p>\n<p><strong>Ferienhaus.de Partnerprogramm<\/strong><\/p>\n<p><!-- \/wp:paragraph --><!-- wp:paragraph --><\/p>\n<p>Wir nehmen am Ferienhaus.de Partnerprogramm teil. Auf unseren Seiten werden iFrame-Buchungsmasken und andere Werbemittel eingebunden, an denen wir \u00fcber Transaktionen, zum Beispiel durch Leads und Sales, eine Werbekostenerstattung erhalten k\u00f6nnen.<\/p>\n<p><!-- \/wp:paragraph --><!-- wp:paragraph --><\/p>\n<p>Weitere Informationen zur Datennutzung durch Ferienhaus.de erhalten Sie in der Datenschutzerkl\u00e4rung von <a href=\"https:\/\/www.ferienhaus.de\" target=\"_blank\" rel=\"noreferrer noopener\">Ferienhaus.de<\/a>.<\/p>\n<p><!-- \/wp:paragraph --><!-- wp:paragraph --><\/p>\n<p><strong>TARIFCHECK24 GmbH Partnerprogramm<\/strong><\/p>\n<p><!-- \/wp:paragraph --><!-- wp:paragraph --><\/p>\n<p><!-- \/wp:paragraph --><!-- wp:unapersona\/simple-iframe {\"iframeSrc\":\"https:\/\/a.partner-versicherung.de\/filestore\/ad\/1166\/index.php?partner_id=134498\",\"iframeWidth\":\"100%\",\"iframeHeight\":\"\",\"useLazyload\":false,\"useImportant\":false} --><\/p>\n<p><iframe style=\"width: 100%; max-width: 100%; height: 320px;\" src=\"https:\/\/a.partner-versicherung.de\/filestore\/ad\/1166\/index.php?partner_id=134498\" frameborder=\"0\"><\/iframe><\/p>\n<p><!-- \/wp:unapersona\/simple-iframe --><!-- wp:paragraph --><\/p>\n<p><strong>Bildnachweis<\/strong><\/p>\n<p><!-- \/wp:paragraph --><!-- wp:paragraph --><\/p>\n<p>Die auf dieser Webseite verwendeten Bilder stammen von der Plattform Pexels (<a href=\"http:\/\/www.pexels.com\/\">www.pexels.com<\/a>) und werden gem\u00e4\u00df den Bedingungen der <a href=\"https:\/\/creativecommons.org\/publicdomain\/zero\/1.0\/deed.de\" target=\"_blank\" rel=\"noreferrer noopener\">Creative Commons Zero (CC0) Lizenz<\/a> genutzt. Gem\u00e4\u00df dieser Lizenz sind die Bilder frei von Urheberrechten und k\u00f6nnen daher ohne Angabe von Bildnachweisen oder Quellen verwendet werden.<\/p>\n<p><!-- \/wp:paragraph --><!-- wp:paragraph --><\/p>\n<p><strong>Nutzung von Texten von ChatGPT von OpenAI:<\/strong><\/p>\n<p><!-- \/wp:paragraph --><!-- wp:paragraph --><\/p>\n<p>Einige der auf dieser Webseite vorhandenen Texte wurden mithilfe von ChatGPT generiert, einer Sprach-KI-Technologie entwickelt von OpenAI (<a href=\"http:\/\/www.openai.com\/\">www.openai.com<\/a>). Diese Texte wurden durch die KI auf Grundlage der von mir gestellten Anfragen erstellt und dienen dazu, Informationen, Erkl\u00e4rungen oder kreative Inhalte bereitzustellen.<\/p>\n<p><!-- \/wp:paragraph --><!-- wp:paragraph --><\/p>\n<p>Bitte beachten Sie, dass die generierten Texte von ChatGPT von OpenAI zwar auf meinen Anfragen basieren, jedoch von der KI automatisch generiert wurden. Die Verwendung dieser Texte auf dieser Webseite erfolgt in \u00dcbereinstimmung mit den Nutzungsbedingungen von OpenAI.<\/p><p><strong data-start=\"1329\" data-end=\"1361\">Nutzung von WhatsApp-Kan\u00e4len<\/strong><\/p><p>Auf unserer Website verlinken wir ggf. auf einen offiziellen WhatsApp-Kanal. Die Nutzung erfolgt freiwillig \u00fcber den Anbieter WhatsApp Ireland Limited, 4 Grand Canal Square, Grand Canal Harbour, Dublin 2, Irland.<\/p><p>Bitte beachten Sie, dass bei der Nutzung von WhatsApp auch personenbezogene Daten an Meta Platforms Inc. in den USA \u00fcbermittelt werden k\u00f6nnen.<\/p><p>Weitere Informationen zum Datenschutz bei WhatsApp finden Sie unter: <a data-start=\"1799\" data-end=\"1901\" rel=\"noopener\" target=\"_new\" style=\"color: rgb(50, 74, 109); background-color: rgb(255, 255, 255);\">https:\/\/www.whatsapp.com\/legal\/privacy-policy-eea<\/a><\/p><p><br><\/p><p><br><\/p>\n<p><\/p>\n<p>Verantwortlich f\u00fcr den Inhalt nach \u00a7 55 Abs. 2 RStV &amp; Angaben gem\u00e4\u00df \u00a7 5 TMG<\/p>\n<p><\/p>\n<figure style=\"margin: 0px 0px 1em; box-sizing: border-box; color: #324a6d; font-family: Poppins, sans-serif; font-size: 16px; font-style: normal; font-variant-ligatures: normal; font-variant-caps: normal; font-weight: 300; letter-spacing: normal; orphans: 2; text-align: start; text-indent: 0px; text-transform: none; widows: 2; word-spacing: 0px; -webkit-text-stroke-width: 0px; white-space: normal; background-color: #ffffff; text-decoration-thickness: initial; text-decoration-style: initial; text-decoration-color: initial;\"><img decoding=\"async\" style=\"box-sizing: border-box; border: none; height: auto; max-width: 100%; border-radius: 0px; box-shadow: none;\" src=\"http:\/\/rabatt-satt.de\/WP\/wp-content\/uploads\/2024\/02\/Impressum-1.png\" alt=\"\" width=\"270\" height=\"173\"><\/figure>\n<p><!-- \/wp:paragraph --><\/p>\t\t\t\t\t\t\t\t<\/div>\n\t\t\t\t<\/div>\n\t\t\t\t\t<\/div>\n\t\t\t\t<\/div>\n\t\t\t\t<\/div>\n\t\t","protected":false},"excerpt":{"rendered":"<p>Haftungsausschluss: Haftung f\u00fcr Inhalte Die Inhalte unserer Seiten wurden mit gr\u00f6\u00dfter Sorgfalt erstellt. F\u00fcr die Richtigkeit, Vollst\u00e4ndigkeit und Aktualit\u00e4t der Inhalte k\u00f6nnen wir jedoch keine Gew\u00e4hr \u00fcbernehmen. Als Diensteanbieter sind wir gem\u00e4\u00df \u00a7 7 Abs.1 TMG f\u00fcr eigene Inhalte auf diesen Seiten nach den allgemeinen Gesetzen verantwortlich. Nach \u00a7\u00a7 8 bis 10 TMG sind wir [&hellip;]<\/p>\n","protected":false},"author":1,"featured_media":0,"parent":400,"menu_order":0,"comment_status":"closed","ping_status":"closed","template":"","meta":{"footnotes":""},"class_list":["post-86","page","type-page","status-publish","hentry"],"aioseo_notices":[],"jetpack_sharing_enabled":true,"_links":{"self":[{"href":"http:\/\/rabatt-satt.de\/WP\/wp-json\/wp\/v2\/pages\/86","targetHints":{"allow":["GET"]}}],"collection":[{"href":"http:\/\/rabatt-satt.de\/WP\/wp-json\/wp\/v2\/pages"}],"about":[{"href":"http:\/\/rabatt-satt.de\/WP\/wp-json\/wp\/v2\/types\/page"}],"author":[{"embeddable":true,"href":"http:\/\/rabatt-satt.de\/WP\/wp-json\/wp\/v2\/users\/1"}],"replies":[{"embeddable":true,"href":"http:\/\/rabatt-satt.de\/WP\/wp-json\/wp\/v2\/comments?post=86"}],"version-history":[{"count":13,"href":"http:\/\/rabatt-satt.de\/WP\/wp-json\/wp\/v2\/pages\/86\/revisions"}],"predecessor-version":[{"id":765,"href":"http:\/\/rabatt-satt.de\/WP\/wp-json\/wp\/v2\/pages\/86\/revisions\/765"}],"up":[{"embeddable":true,"href":"http:\/\/rabatt-satt.de\/WP\/wp-json\/wp\/v2\/pages\/400"}],"wp:attachment":[{"href":"http:\/\/rabatt-satt.de\/WP\/wp-json\/wp\/v2\/media?parent=86"}],"curies":[{"name":"wp","href":"https:\/\/api.w.org\/{rel}","templated":true}]}}